{"id":14381,"date":"2020-04-20T12:23:44","date_gmt":"2020-04-20T16:23:44","guid":{"rendered":"https:\/\/i5i.ca\/i5i_ca\/?post_type=product&#038;p=14381"},"modified":"2020-04-20T12:27:54","modified_gmt":"2020-04-20T16:27:54","slug":"eb5035do-es","status":"publish","type":"product","link":"https:\/\/i5i.ca\/i5i_ca\/es\/product\/eb5035do-es\/","title":{"rendered":"Pareja de pareja"},"content":{"rendered":"<p>Frio. Moderno. Absolutamente \u00fanico Esta obra de arte es un gran ejemplo de una filosof\u00eda profunda: es realmente importante que una pareja mire en la misma direcci\u00f3n. Listado para la subasta de obras de arte del final de Beauties of Asia en el Centro de conferencias Hilton el 2 de octubre de 2016, BOA2016 para organizaciones ben\u00e9ficas y sin fines de lucro.<\/p>\n","protected":false},"excerpt":{"rendered":"<p><a href=\"http:\/\/i5i.ca\/artists-es#artistsEB\" target=\"_blank\" rel=\"noopener noreferrer\">Sobre el artista<\/a><\/p>\n","protected":false},"featured_media":1069,"comment_status":"open","ping_status":"closed","template":"","meta":{"_price":"290","_stock":null,"_tribe_ticket_header":"","_tribe_default_ticket_provider":"","_tribe_ticket_capacity":"0","_ticket_start_date":"","_ticket_end_date":"","_tribe_ticket_show_description":"","_tribe_ticket_show_not_going":false,"_tribe_ticket_use_global_stock":"","_tribe_ticket_global_stock_level":"","_global_stock_mode":"","_global_stock_cap":"","_tribe_rsvp_for_event":"","_tribe_ticket_going_count":"","_tribe_ticket_not_going_count":"","_tribe_tickets_list":"[]","_tribe_ticket_has_attendee_info_fields":false},"product_brand":[],"product_cat":[267],"product_tag":[173,103],"class_list":{"0":"post-14381","1":"product","2":"type-product","3":"status-publish","4":"has-post-thumbnail","6":"product_cat-eusebio-benjamin-es","7":"product_tag-contemporary-art-es","8":"product_tag-oil-painting-es","10":"first","11":"instock","12":"sale","13":"taxable","14":"shipping-taxable","15":"purchasable","16":"product-type-variable","17":"has-default-attributes"},"_links":{"self":[{"href":"https:\/\/i5i.ca\/i5i_ca\/wp-json\/wp\/v2\/product\/14381","targetHints":{"allow":["GET"]}}],"collection":[{"href":"https:\/\/i5i.ca\/i5i_ca\/wp-json\/wp\/v2\/product"}],"about":[{"href":"https:\/\/i5i.ca\/i5i_ca\/wp-json\/wp\/v2\/types\/product"}],"replies":[{"embeddable":true,"href":"https:\/\/i5i.ca\/i5i_ca\/wp-json\/wp\/v2\/comments?post=14381"}],"wp:featuredmedia":[{"embeddable":true,"href":"https:\/\/i5i.ca\/i5i_ca\/wp-json\/wp\/v2\/media\/1069"}],"wp:attachment":[{"href":"https:\/\/i5i.ca\/i5i_ca\/wp-json\/wp\/v2\/media?parent=14381"}],"wp:term":[{"taxonomy":"product_brand","embeddable":true,"href":"https:\/\/i5i.ca\/i5i_ca\/wp-json\/wp\/v2\/product_brand?post=14381"},{"taxonomy":"product_cat","embeddable":true,"href":"https:\/\/i5i.ca\/i5i_ca\/wp-json\/wp\/v2\/product_cat?post=14381"},{"taxonomy":"product_tag","embeddable":true,"href":"https:\/\/i5i.ca\/i5i_ca\/wp-json\/wp\/v2\/product_tag?post=14381"}],"curies":[{"name":"wp","href":"https:\/\/api.w.org\/{rel}","templated":true}]}}