{"id":14342,"date":"2020-04-19T23:36:36","date_gmt":"2020-04-20T03:36:36","guid":{"rendered":"https:\/\/i5i.ca\/i5i_ca\/?post_type=product&#038;p=14342"},"modified":"2020-04-19T23:38:28","modified_gmt":"2020-04-20T03:38:28","slug":"tg7010cn-es","status":"publish","type":"product","link":"https:\/\/i5i.ca\/i5i_ca\/es\/product\/tg7010cn-es\/","title":{"rendered":"Le\u00f3n"},"content":{"rendered":"<p>Mejora la colecci\u00f3n de arte de Canad\u00e1<\/p>\n","protected":false},"excerpt":{"rendered":"<p><a href=\"http:\/\/i5i.ca\/artists-es#artistsTG\" target=\"_blank\" rel=\"noopener noreferrer\">Sobre el artista<\/a><\/p>\n","protected":false},"featured_media":1068,"comment_status":"open","ping_status":"closed","template":"","meta":{"_price":"8000","_stock":null,"_tribe_ticket_header":"","_tribe_default_ticket_provider":"","_tribe_ticket_capacity":"0","_ticket_start_date":"","_ticket_end_date":"","_tribe_ticket_show_description":"","_tribe_ticket_show_not_going":false,"_tribe_ticket_use_global_stock":"","_tribe_ticket_global_stock_level":"","_global_stock_mode":"","_global_stock_cap":"","_tribe_rsvp_for_event":"","_tribe_ticket_going_count":"","_tribe_ticket_not_going_count":"","_tribe_tickets_list":"[]","_tribe_ticket_has_attendee_info_fields":false},"product_brand":[],"product_cat":[260],"product_tag":[211],"class_list":{"0":"post-14342","1":"product","2":"type-product","3":"status-publish","4":"has-post-thumbnail","6":"product_cat-tailai-guo-es","7":"product_tag-print-es","9":"first","10":"instock","11":"taxable","12":"shipping-taxable","13":"product-type-external"},"_links":{"self":[{"href":"https:\/\/i5i.ca\/i5i_ca\/wp-json\/wp\/v2\/product\/14342","targetHints":{"allow":["GET"]}}],"collection":[{"href":"https:\/\/i5i.ca\/i5i_ca\/wp-json\/wp\/v2\/product"}],"about":[{"href":"https:\/\/i5i.ca\/i5i_ca\/wp-json\/wp\/v2\/types\/product"}],"replies":[{"embeddable":true,"href":"https:\/\/i5i.ca\/i5i_ca\/wp-json\/wp\/v2\/comments?post=14342"}],"wp:featuredmedia":[{"embeddable":true,"href":"https:\/\/i5i.ca\/i5i_ca\/wp-json\/wp\/v2\/media\/1068"}],"wp:attachment":[{"href":"https:\/\/i5i.ca\/i5i_ca\/wp-json\/wp\/v2\/media?parent=14342"}],"wp:term":[{"taxonomy":"product_brand","embeddable":true,"href":"https:\/\/i5i.ca\/i5i_ca\/wp-json\/wp\/v2\/product_brand?post=14342"},{"taxonomy":"product_cat","embeddable":true,"href":"https:\/\/i5i.ca\/i5i_ca\/wp-json\/wp\/v2\/product_cat?post=14342"},{"taxonomy":"product_tag","embeddable":true,"href":"https:\/\/i5i.ca\/i5i_ca\/wp-json\/wp\/v2\/product_tag?post=14342"}],"curies":[{"name":"wp","href":"https:\/\/api.w.org\/{rel}","templated":true}]}}