{"id":308,"date":"2017-09-02T13:47:11","date_gmt":"2017-09-02T13:47:11","guid":{"rendered":"http:\/\/i5i.ca\/?page_id=308"},"modified":"2020-07-08T08:00:26","modified_gmt":"2020-07-08T12:00:26","slug":"artists-es","status":"publish","type":"page","link":"https:\/\/i5i.ca\/i5i_ca\/es\/artists-es\/","title":{"rendered":"Artistas"},"content":{"rendered":"<h3 id=\"artistsKC\">Kreso Cavlovic<\/h3>\n<p><img loading=\"lazy\" decoding=\"async\" class=\"size-full wp-image-589 alignleft\" src=\"http:\/\/i5i.ca\/wp-content\/uploads\/2017\/08\/d.jpg\" alt=\"\" width=\"266\" height=\"266\" srcset=\"https:\/\/i5i.ca\/i5i_ca\/wp-content\/uploads\/2017\/08\/d.jpg 266w, https:\/\/i5i.ca\/i5i_ca\/wp-content\/uploads\/2017\/08\/d-100x100.jpg 100w, https:\/\/i5i.ca\/i5i_ca\/wp-content\/uploads\/2017\/08\/d-150x150.jpg 150w\" sizes=\"auto, (max-width: 266px) 100vw, 266px\" \/><\/p>\n<blockquote style=\"font-style: normal; font-family: Arial, sans-serif; font-size: 15px;\"><p>Los hechos que apuntan a Kreso al tiempo y espacio geogr\u00e1fico tambi\u00e9n proporcionan una clave para su identidad cultural y los temas espirituales que corren a lo largo de su trabajo &#8230; De los espect\u00e1culos en la &#8220;Bienal Mundial de las Artes Croatas&#8221; Horizons &#8220;&#8230; mostrando en Vancouver, Calgary, Frankfurt Alemania, Zagreb Croacia &#8230; a espect\u00e1culos en Holanda, M\u00e9xico, Canad\u00e1, Estados Unidos y Hong Kong, China &#8230;<\/p>\n<p>Kreso Cavlovic como un artista profesional ha generado durante los \u00faltimos 35 a\u00f1os ..Cavlovic naci\u00f3 en Toronto de padres croatas y se cri\u00f3 en Mississauga &#8230; Asisti\u00f3 a Sheridan de arte e ilustraci\u00f3n, donde gan\u00f3 un premio por sus obras &#8230; Cavlovic comenz\u00f3 a trabajar como ilustrador independiente, realizando diversos proyectos para organizaciones como TV Ontario, BASF y Southampton. Durante este per\u00edodo Cavlovic sigui\u00f3 buscando una visi\u00f3n m\u00e1s personal a trav\u00e9s de sus pinturas, dibujos y esculturas. Los colores en sus pinturas son los colores que ve en sus sue\u00f1os, visualizados en las expresiones que lo rodean. Lo que dicen en palabras, vio en color, forma e im\u00e1genes. Le encanta hablar de su trabajo, pero tambi\u00e9n ama y permite a la gente la libertad de reaccionar individualmente para descubrir por s\u00ed mismos el significado que contiene. La influencia de su obra es din\u00e1mica y tem\u00e1ticamente fuerte, reflejando un Amor inmerso de vida y pura alegr\u00eda de existencia. Cavlovic tiene un maravilloso uso de una paleta elevada rodeada de una l\u00ednea densa. Esta combinaci\u00f3n de color intenso y pesada l\u00ednea negra hacen que las pinturas se parezcan al vidrio de la mancha. Las figuras dentro de la composici\u00f3n son deliberadamente sobredimensionadas y Stocky, que recuerda a las figuras cl\u00e1sicas creadas por Picasso. Las pinturas de Kreso envuelven hermosas im\u00e1genes de la serie de ni\u00f1as en ricos tonos gruesos y texturas que mejoran su esp\u00edritu libre. Y esta \u00faltima obra de la &#8220;serie Ocean&#8221; es una exploraci\u00f3n entre el universo de los oc\u00e9anos y nuestra propia espiritualidad. Unidos<em>&#8230; .Las interpretaciones personales de uno juegan un papel clave en la adici\u00f3n de la libertad de expresi\u00f3n a las pinturas simb\u00f3licas de Kreso.Scenes<\/em><br \/>\n<a href=\"http:\/\/kresofineartist.com\/\" target=\"_blank\" rel=\"noopener noreferrer\">P\u00e1gina web del artista<\/a><\/p><\/blockquote>\n<h3 id=\"artistsEB\">Eusebio Benjamin, el Caribe Picasso<\/h3>\n<p><img loading=\"lazy\" decoding=\"async\" class=\"size-medium wp-image-556 alignleft\" src=\"http:\/\/i5i.ca\/wp-content\/uploads\/2017\/08\/Eusebio2016-169x300.jpg\" alt=\"\" width=\"169\" height=\"300\" srcset=\"https:\/\/i5i.ca\/i5i_ca\/wp-content\/uploads\/2017\/08\/Eusebio2016-169x300.jpg 169w, https:\/\/i5i.ca\/i5i_ca\/wp-content\/uploads\/2017\/08\/Eusebio2016-416x740.jpg 416w, https:\/\/i5i.ca\/i5i_ca\/wp-content\/uploads\/2017\/08\/Eusebio2016-576x1024.jpg 576w, https:\/\/i5i.ca\/i5i_ca\/wp-content\/uploads\/2017\/08\/Eusebio2016.jpg 747w\" sizes=\"auto, (max-width: 169px) 100vw, 169px\" \/><\/p>\n<blockquote style=\"font-style: normal; font-family: Arial, sans-serif; font-size: 15px;\"><p>Un ni\u00f1o descalzo en una calle caliente y polvorienta &#8230; Era uno de los miles de ni\u00f1os caribe\u00f1os que pul\u00edan los zapatos despu\u00e9s de la escuela para ayudar a su familia a hacer que ambos se cumplieran. <span title=\"And like for other children what kind of future was waiting for him?\">Y como para otros ni\u00f1os, \u00bfqu\u00e9 clase de futuro le esperaba? <\/span><span title=\"He could be a peasant growing fruit and vegetables and selling them in a local market.\">Podr\u00eda ser un campesino cultivando frutas y verduras y vendi\u00e9ndolas en un mercado local. <\/span><span title=\"Or he could be a fisherman spending all day long in the ocean hoping for a good catch.\">O pod\u00eda ser un pescador que pasaba todo el d\u00eda en el oc\u00e9ano esperando una buena pesca. <\/span><span title=\"Or if he were lucky and smart enough, he could even reach a top of a career there working in a hotel and tourist business. \">O si ten\u00eda la suerte y la inteligencia suficiente, incluso podr\u00eda llegar a la cima de una carrera all\u00ed trabajando en un hotel y el turismo.<br \/>\n<\/span><span title=\"But life gave him a chance to take a different path.\">Pero la vida le dio la oportunidad de tomar un camino diferente. <\/span><span title=\"He was eleven years old when one day his uncle brought him to an art workshop.\">Ten\u00eda once a\u00f1os cuando un d\u00eda su t\u00edo lo llev\u00f3 a un taller de arte. <\/span><span title=\"That event changed his life.\">Ese suceso cambi\u00f3 su vida. <\/span><span title=\"He fell in love with art and it became his passion. \">Se enamor\u00f3 del arte y se convirti\u00f3 en su pasi\u00f3n.<br \/>\n<\/span><span title=\"More than twenty years have passed since then.\">M\u00e1s de veinte a\u00f1os han pasado desde entonces. <\/span><span title=\"For all these years he has been happy to follow his own way and express his talent.\">Durante todos estos a\u00f1os ha sido feliz de seguir su propio camino y expresar su talento. <\/span><span title=\"He gets inspiration in incredible nature, his beautiful wife and two lovely daughters, travelling, local people and mysterious legends of ancient times and Taino culture.\">\u00c9l consigue la inspiraci\u00f3n en naturaleza incre\u00edble, su esposa hermosa y dos hijas encantadoras, viajando, gente local y leyendas misteriosas de \u00e9pocas antiguas y cultura de Taino. <\/span><span title=\"Now he is in his early thirties.\">Ahora tiene treinta y tantos a\u00f1os. <\/span><span title=\"He is an amazing positive man with a great sense of humor.\">\u00c9l es un hombre positivo incre\u00edble con un gran sentido del humor. <\/span><span title=\"Each of his picture is full of love, passion, sunshine and salty breeze that he generously shares with you\u2026 His name is Eusebio Benjamin.\">Cada uno de sus cuadros est\u00e1 lleno de amor, pasi\u00f3n, sol y brisa salada que comparte generosamente con ustedes &#8230; Su nombre es Eusebio Benjamin. <\/span><span title=\"But people usually call him \u201cCaribbean Picasso\u201d to admire his unique talent and unordinary personality.\">Pero la gente suele llamarlo &#8220;Caribe Picasso&#8221; para admirar su talento \u00fanico y personalidad inusual.<\/span><\/p>\n<p>Por favor, descargue el archivo PDF aqu\u00ed <a href=\"http:\/\/i5i2016.i5i.ca\/i5i_Picasso_artwork_v01.pdf\" target=\"_blank\" rel=\"noopener noreferrer\"><b>Acerca de Caribbean Picasso<\/b><\/a><\/p><\/blockquote>\n<p>&nbsp;<\/p>\n<h3 id=\"artistsTG\">Tailai Guo \u90ed\u6cf0\u6765<\/h3>\n<p><img loading=\"lazy\" decoding=\"async\" class=\"size-medium wp-image-1210 alignleft\" src=\"https:\/\/i5i.ca\/i5i_ca\/i5i_ca\/wp-content\/uploads\/2019\/03\/tLDZ-fxrcizu4080649-2-191x300.jpg\" alt=\"\" width=\"191\" height=\"300\" srcset=\"https:\/\/i5i.ca\/i5i_ca\/wp-content\/uploads\/2019\/03\/tLDZ-fxrcizu4080649-2-191x300.jpg 191w, https:\/\/i5i.ca\/i5i_ca\/wp-content\/uploads\/2019\/03\/tLDZ-fxrcizu4080649-2.jpg 354w\" sizes=\"auto, (max-width: 191px) 100vw, 191px\" \/><\/p>\n<blockquote style=\"font-style: normal; font-family: Arial, sans-serif; font-size: 15px;\"><p>El profesor de Bellas Artes de la Academia Central de China, Tailai Guo, es un artista bien conocido, miembro de la Fundaci\u00f3n Solomon R. Guggenheim de por vida.<br \/>\nEn 1991, con el prefacio de Fan Di&#8217;an, director del Museo Nacional de Arte de China, se celebr\u00f3 en el Centro de Comercio Internacional de Pek\u00edn la Exposici\u00f3n de Pintura al \u00d3leo de Guo Tailai -conmemoraci\u00f3n del 110 aniversario de Picasso-.<br \/>\nGuo se liber\u00f3 del estilo tradicional del arte y sent\u00f3 las bases para &#8220;paisajes coloridos&#8221;.<br \/>\n2014 el 25 de octubre, la exposici\u00f3n Heterogeneous Sigh-Guo Tailai y Frank Sammer se celebr\u00f3 en el palacio de Elborich en Dusseldorf, alem\u00e1n.<br \/>\n<a href=\"http:\/\/i5i.ca\" target=\"_blank\" rel=\"noopener noreferrer\">P\u00e1gina web del artista<\/a><\/p><\/blockquote>\n<p>&nbsp;<\/p>\n<h3 id=\"artistsQZ\">Qunce Zeng \u66fe\u7fa4\u7b56(\u7b14\u540d\u9f99\u5c71 Longshan)<\/h3>\n<p><img loading=\"lazy\" decoding=\"async\" class=\"size-medium wp-image-600 alignleft\" src=\"http:\/\/i5i.ca\/wp-content\/uploads\/2017\/08\/zengqunceportrait-400x400-300x300.jpg\" alt=\"\" width=\"300\" height=\"300\"><\/p>\n<blockquote style=\"font-style: normal; font-family: Arial, sans-serif; font-size: 15px;\"><p><strong>China&#8217;s Jackson Pollock<\/strong><br \/>\nNacido en 1966, Fujian, China, Qunce es un artista moderno contempor\u00e1neo con un estilo distintivo que combina sutilmente los elementos tradicionales del arte de la tinta china con el modernismo occidental. Su obra capta maravillosamente la energ\u00eda explosiva del esp\u00edritu animal y nos transporta a un universo visual \u00fanico. Qunce combina acr\u00edlicos, aceites y t\u00e9cnicas mixtas, el uso de colores vibrantes y golpes sin miedo para llevar a los animales en movimiento.<br \/>\nQunce est\u00e1 ganando popularidad r\u00e1pidamente en todo el mundo, especialmente en Australia, Canad\u00e1, Estados Unidos, Italia y Dubai. Recientemente, su trabajo ha atra\u00eddo la atenci\u00f3n de m\u00faltiples galer\u00edas francesas despu\u00e9s de haber sido galardonado con el Premio Mejor Creativo de su primera Exposici\u00f3n de Arte del Carrusel del Louvre (Par\u00eds) en noviembre de 2013. Otros logros notables incluyen la venta de una pintura de gallo de 35 x 47 por $ 4,500 por famosos La compa\u00f1\u00eda china de la subasta, Hanhai, en 2012, as\u00ed como tener su pintura impresa en los sellos postales chinos del poste de China.<br \/>\n<a href=\"http:\/\/www.gallery.i5i.ca\/osc\/catalog\/artists.php\" target=\"_blank\" rel=\"noopener noreferrer\">P\u00e1gina web del artista<\/a><\/p><\/blockquote>\n<h3 id=\"artistsJF\">Un Universo en el Universo- Juan Francisco Idrovo<\/h3>\n<p><img loading=\"lazy\" decoding=\"async\" class=\"size-full wp-image-604 alignleft\" src=\"http:\/\/i5i.ca\/wp-content\/uploads\/2017\/08\/artistJuan.jpg\" alt=\"\" width=\"200\" height=\"200\" srcset=\"https:\/\/i5i.ca\/i5i_ca\/wp-content\/uploads\/2017\/08\/artistJuan.jpg 200w, https:\/\/i5i.ca\/i5i_ca\/wp-content\/uploads\/2017\/08\/artistJuan-100x100.jpg 100w, https:\/\/i5i.ca\/i5i_ca\/wp-content\/uploads\/2017\/08\/artistJuan-150x150.jpg 150w\" sizes=\"auto, (max-width: 200px) 100vw, 200px\" \/><\/p>\n<blockquote style=\"font-style: normal; font-family: Arial, sans-serif; font-size: 15px;\"><p>Desde el este de China, cruzando el Oc\u00e9ano Pac\u00edfico cerca del ecuador, un hermoso pa\u00eds conocido Rep\u00fablica del Ecuador (Ecuador en espa\u00f1ol) es el hogar de una cultura rica y diversa. Es uno de los 17 pa\u00edses megadiversos del mundo y produce los mejores pl\u00e1tanos.<br \/>\nJuan Francisco Idrovo naci\u00f3 en Cuenca, la tercera ciudad m\u00e1s grande de Ecuador. Despu\u00e9s de completar sus Licenciaturas de Bellas Artes, ha estado trabajando como artista durante m\u00e1s de 20 a\u00f1os. Con el avanzado perfil profesional de Juan, se especializa en v\u00edvidas obras de arte latino tropical y piezas abstractas en espa\u00f1ol. Actualmente es el instructor principal y propietario del &#8216;Arts Center White&#8217;, que es una de las dos academias de arte visual m\u00e1s importantes de Cuenca.<br \/>\nRodeada de cuatro hermosos r\u00edos, la ciudad de Cuenca no solo cuenta con bellos paisajes, sino que tambi\u00e9n es rica en historia y cultura. El centro de la ciudad est\u00e1 catalogado como UNESCO, debido a sus muchos edificios hist\u00f3ricos. Cuenca es bien conocida por su impresionante arquitectura, atracciones tur\u00edsticas, hoteles y actividades nocturnas. Bienal de Cuenca se encuentra entre los tres primeros en exhibiciones de arte contempor\u00e1neo art\u00edstico en Sudam\u00e9rica.<br \/>\nEl &#8216;Arts Center White&#8217; lleva m\u00e1s de 10 a\u00f1os y est\u00e1 dedicado a ense\u00f1ar a ni\u00f1os, j\u00f3venes, adultos y personas de la tercera edad. Cada a\u00f1o acogen una exhibici\u00f3n muy concurrida donde invitan a todas las personas involucradas en la escena art\u00edstica de Ecuador.<\/p>\n<p><strong>Educaci\u00f3n<\/strong><br \/>\n1993-1999 Licenciada en Bellas Artes, Universidad de Cuenca. Ecuador.<\/p>\n<p><strong>Exposiciones Individuales<\/strong><br \/>\n2015 Las Cumbres. Kuna Hotel.<br \/>\n2008 Cambio Clim\u00e1tico. Galer\u00eda Oro Verde.<br \/>\n2008 Cambios. Quinta Bol\u00edvar.<br \/>\n2001 Nidos de paz. Galer\u00eda Pacific Bank.<\/p>\n<p><strong>Exposiciones del Grupo<\/strong><br \/>\n2011 Puertas de Cuenca. Quinta Bol\u00edvar.<br \/>\n2007 La posada. Cuenca.<br \/>\n2006 Vist\u00edbulo de la Alcald\u00eda. Cuenca<br \/>\n2005 &#8220;Treinta ideas en Tokio&#8221; Tokio.<br \/>\n2005 Sal\u00f3n Mariano Aguilera. Quito.<br \/>\n2003 VIII Bienal de Cuenca. Sal\u00f3n Nacional<br \/>\n2003 Sal\u00f3n de Julio. Guayaquil<br \/>\n2003 Exposici\u00f3n de Arte Contempor\u00e1neo.<br \/>\n2002 Sal\u00f3n de Guayaquil.<br \/>\n1999 Alianza francesa &#8220;Los \u00faltimos&#8221;. Cuenca.<br \/>\n1994 Museo de Arte Moderno. Cuenca.<br \/>\n1994 Sal\u00f3n del Pueblo. Cuenca.<\/p>\n<p><strong>Premios<\/strong><br \/>\n2011 Tercer lugar. Concurso de Dise\u00f1o, Cidap.<br \/>\n2008 Beca del Gobierno del Ecuador por excelencia art\u00edstica.<br \/>\n2006 Segundo Lugar. Concurso de Fotograf\u00eda Digital, Temporada 2006.<\/p>\n<p><a href=\"http:\/\/i5i.ca\" target=\"_blank\" rel=\"noopener noreferrer\">P\u00e1gina web del artista<\/a><\/p><\/blockquote>\n<h3 id=\"artistsJM\">Jianping Meng \u5b5f\u5251\u5e73<\/h3>\n<p><img loading=\"lazy\" decoding=\"async\" class=\"size-medium wp-image-611 alignleft\" src=\"http:\/\/i5i.ca\/wp-content\/uploads\/2017\/08\/067-295x300.jpg\" alt=\"\" width=\"295\" height=\"300\" srcset=\"https:\/\/i5i.ca\/i5i_ca\/wp-content\/uploads\/2017\/08\/067-295x300.jpg 295w, https:\/\/i5i.ca\/i5i_ca\/wp-content\/uploads\/2017\/08\/067-416x422.jpg 416w, https:\/\/i5i.ca\/i5i_ca\/wp-content\/uploads\/2017\/08\/067.jpg 525w\" sizes=\"auto, (max-width: 295px) 100vw, 295px\" \/><\/p>\n<blockquote style=\"font-style: normal; font-family: Arial, sans-serif; font-size: 15px;\"><p>Desde la infancia, el Sr. Meng aprendi\u00f3 del famoso maestro de arte Guang Meng (\u5b5f \u5149) y estudi\u00f3 arte occidental con el famoso pintor que actualmente vive en los Estados Unidos, el Sr. Michael Li (\u674e \u540c \u6b23). Sus compa\u00f1eros incluyen a muchos pintores Shanghainese famosos, tales como, Yifei Chen (\u9648\u9038\u98de), Ruimin Qiu (\u90b1\u745e\u654f), y Jingshan Wei (\u9b4f \u666f\u5c71).<br \/>\nSe gradu\u00f3 en 1983 del Departamento de Arte Decorativo del Instituto de la Industria Ligera de Shanghai (\u4e0a\u6d77 \u8f7b\u5de5\u4e1a \u9ad8\u7b49 \u4e13\u79d1\u5b66\u6821).<br \/>\n* Durante ese per\u00edodo, \u00e9l aprendi\u00f3 del renombrado pintor acuarelista Sr. Yinghong Zhang (\u5f20\u82f1\u6d2a) y de los pintores impresionistas Peirong Chen (\u9648 \u966a \u8363) y Ligang Xie (\u8c22 \u7acb \u5188).<br \/>\n* Desde 1985, viaj\u00f3 a m\u00e1s de treinta pa\u00edses y regiones en todo el mundo, participando en obras de arte creativo, dise\u00f1o y ense\u00f1anza de arte.<br \/>\n* Despu\u00e9s de inmigrar a Canad\u00e1, el Sr. Meng ha estado principalmente involucrado en obras de arte creativas y educaci\u00f3n art\u00edstica.<br \/>\nActualmente es Vice Director, Divisi\u00f3n de Arte del Niagara Center for Arts Academy y Director de Arte de Gallery Hi Art. Tambi\u00e9n fue anfitri\u00f3n de muchas exposiciones de sus propias creaciones y charlas en galer\u00edas de arte y casas de subastas en Toronto con elogios populares. Sus creaciones se centraron principalmente en temas abstractos, de ballet y florales. Sus obras no s\u00f3lo son recogidas por celebridades (incluyendo miembros del parlamento, alcaldes, figuras pol\u00edticas chinas, diplom\u00e1ticos, empresarios sino-canadienses, arquitectos, bailarines y artistas vocales, estrellas de cine, etc.), pero tambi\u00e9n reconocidos por la pintura de gama alta mercado de las artes. \u00c9l mantiene una relaci\u00f3n continua en el dise\u00f1o de interiores &#8220;suave&#8221; y obras creativas con contratistas italianos de dise\u00f1o y construcci\u00f3n, como SkyHomes. En muchos a\u00f1os, don\u00f3 sus obras a subasta para apoyar al Fondo de Caridad de J\u00f3venes y Ni\u00f1os de las Naciones Unidas a trav\u00e9s de (Organizaci\u00f3n Educativa para Talentos en Toronto, Canad\u00e1).<br \/>\nA principios de 2014, fue entrevistado por la CBC Television en (un programa de talk shows para celebridades) present\u00e1ndolo en cuatro sesiones que fueron bien recibidas por el p\u00fablico en general.<br \/>\nEn 2015, fue entrevistado por Fairchild Television &#8220;Mandarin Profile&#8221; en su tema especial para pintores, y gan\u00f3 dos premios.<br \/>\nEl 1 de octubre de 2014, el 65 aniversario del D\u00eda Nacional de China, &#8220;Global Chinese Painting &amp; amp; Exposici\u00f3n de Caligraf\u00eda &#8220;fue organizado por la Oficina de Asuntos Chinos de Ultramar del Consejo de Estado y el Ministerio de Cultura y se celebr\u00f3 en el Palacio Cultural de las Nacionalidades, Beijing Exhibition Hall. Sus trabajos y, evaluados en dos sesiones cada uno por los paneles de la revisi\u00f3n del especialista de China y tambi\u00e9n de Canad\u00e1, fueron honrados para representar a Canad\u00e1 en el acontecimiento, y fueron elogiados m\u00e1s adelante por Sr. Li Fang, el Consulado General de PRC a Toronto, tambi\u00e9n el Senador Victor Oh de Canad\u00e1.<br \/>\nEl 19 de diciembre de 2014, su pintura al \u00f3leo se agreg\u00f3 permanentemente a las colecciones del Consulado de la Rep\u00fablica Popular China en Toronto y se exhibi\u00f3 en el Sal\u00f3n de Recepci\u00f3n para invitados VIP del Consulado.<br \/>\nEn abril de 2015, una galer\u00eda de arte de Toronto organiz\u00f3 una exposici\u00f3n exclusivamente por sus obras. El principal canal de televisi\u00f3n canadiense OMNI transmiti\u00f3 oportunamente el evento con un informe de seguimiento en su noticia.<br \/>\nEn noviembre de 2015, dos piezas de sus obras fueron mostradas en la &#8220;5 \u00aa Exposici\u00f3n Anual de Artistas Shanghainese &#8211; Mentores, as\u00ed como Amigos&#8221; organizado conjuntamente por la Oficina de Asuntos Chinos de Ultramar Gobierno Popular Municipal de Shanghai, Centro de China Shanghai International Arts Festival, Art Cultural Assets Investment Limited y Shanghai Overseas Chinese Painters Association.<br \/>\nEn 2 de septiembre de 2016, fue invitado a asistir al primer Festival Internacional Canadiense de Cultura y Arte que tuvo lugar en el Centro C\u00edvico de Markham.<br \/>\n<a href=\"http:\/\/i5i.ca\" target=\"_blank\" rel=\"noopener noreferrer\">P\u00e1gina web del artista<\/a><\/p><\/blockquote>\n<h3 id=\"artistsLZ\">Liang Zhang \u5f35\u4eae Hyperrealism artist<\/h3>\n<p><img loading=\"lazy\" decoding=\"async\" class=\"size-medium wp-image-607 alignleft\" src=\"http:\/\/i5i.ca\/wp-content\/uploads\/2017\/08\/lzlogo0-234x300.jpg\" alt=\"\" width=\"234\" height=\"300\" srcset=\"https:\/\/i5i.ca\/i5i_ca\/wp-content\/uploads\/2017\/08\/lzlogo0-234x300.jpg 234w, https:\/\/i5i.ca\/i5i_ca\/wp-content\/uploads\/2017\/08\/lzlogo0-416x533.jpg 416w, https:\/\/i5i.ca\/i5i_ca\/wp-content\/uploads\/2017\/08\/lzlogo0-768x985.jpg 768w, https:\/\/i5i.ca\/i5i_ca\/wp-content\/uploads\/2017\/08\/lzlogo0-799x1024.jpg 799w, https:\/\/i5i.ca\/i5i_ca\/wp-content\/uploads\/2017\/08\/lzlogo0.jpg 936w\" sizes=\"auto, (max-width: 234px) 100vw, 234px\" \/><\/p>\n<blockquote style=\"font-style: normal; font-family: Arial, sans-serif; font-size: 15px;\"><p>El artista del hiperrealismo Liang Zhang naci\u00f3 en el centro de China, estudiando arte desde muy temprana edad. Despu\u00e9s de 2005, estudi\u00f3 en la Academia de Bellas Artes de Guangxi y Hubei, China y Corea del Sur. En 2014 se gradu\u00f3 de la Universidad de Xiangming en Corea. Liang estudi\u00f3 artes de los mejores artistas de China, Leng Jun, Zhang Qing y Li Boren en Corea del Sur.<br \/>\nLas obras de arte del hiperrealismo son dif\u00edciles de dibujar t\u00e9cnicamente. A veces una obra de arte puede tardar unos meses en completarse.<br \/>\n<strong>Logros y premios:<\/strong><br \/>\nDos obras de arte en 2015 llamado Estilo Oriental y Doble Suerte ganaron el premio de oro en la Expo 2015 Mil\u00e1n Italia.<br \/>\nEn el a\u00f1o 2015, dos obras de arte denominadas Decorated Dream y Persimmon and Grape ganaron el premio m\u00e1ximo en el Concurso de Excelentes Graduados Universitarios de la Rep\u00fablica de Corea.<br \/>\n<a href=\"http:\/\/i5i.ca\/liang\" target=\"_blank\" rel=\"noopener noreferrer\">P\u00e1gina web del artista<\/a><\/p><\/blockquote>\n","protected":false},"excerpt":{"rendered":"<p>Kreso Cavlovic Los hechos que apuntan a Kreso al tiempo y espacio geogr\u00e1fico tambi\u00e9n proporcionan una clave para su identidad cultural y los temas espirituales que corren a lo largo [&hellip;]<\/p>\n","protected":false},"author":1,"featured_media":0,"parent":0,"menu_order":0,"comment_status":"closed","ping_status":"open","template":"","meta":{"_price":"","_stock":"","_tribe_ticket_header":"","_tribe_default_ticket_provider":"","_tribe_ticket_capacity":"0","_ticket_start_date":"","_ticket_end_date":"","_tribe_ticket_show_description":"","_tribe_ticket_show_not_going":false,"_tribe_ticket_use_global_stock":"","_tribe_ticket_global_stock_level":"","_global_stock_mode":"","_global_stock_cap":"","_tribe_rsvp_for_event":"","_tribe_ticket_going_count":"","_tribe_ticket_not_going_count":"","_tribe_tickets_list":"[]","_tribe_ticket_has_attendee_info_fields":false,"footnotes":"","_tec_slr_enabled":"","_tec_slr_layout":""},"class_list":["post-308","page","type-page","status-publish","hentry"],"ticketed":false,"_links":{"self":[{"href":"https:\/\/i5i.ca\/i5i_ca\/wp-json\/wp\/v2\/pages\/308","targetHints":{"allow":["GET"]}}],"collection":[{"href":"https:\/\/i5i.ca\/i5i_ca\/wp-json\/wp\/v2\/pages"}],"about":[{"href":"https:\/\/i5i.ca\/i5i_ca\/wp-json\/wp\/v2\/types\/page"}],"author":[{"embeddable":true,"href":"https:\/\/i5i.ca\/i5i_ca\/wp-json\/wp\/v2\/users\/1"}],"replies":[{"embeddable":true,"href":"https:\/\/i5i.ca\/i5i_ca\/wp-json\/wp\/v2\/comments?post=308"}],"version-history":[{"count":5,"href":"https:\/\/i5i.ca\/i5i_ca\/wp-json\/wp\/v2\/pages\/308\/revisions"}],"predecessor-version":[{"id":14694,"href":"https:\/\/i5i.ca\/i5i_ca\/wp-json\/wp\/v2\/pages\/308\/revisions\/14694"}],"wp:attachment":[{"href":"https:\/\/i5i.ca\/i5i_ca\/wp-json\/wp\/v2\/media?parent=308"}],"curies":[{"name":"wp","href":"https:\/\/api.w.org\/{rel}","templated":true}]}}