{"id":296,"date":"2017-09-02T13:11:26","date_gmt":"2017-09-02T13:11:26","guid":{"rendered":"http:\/\/i5i.ca\/?page_id=296"},"modified":"2022-09-25T22:05:26","modified_gmt":"2022-09-26T02:05:26","slug":"about-es","status":"publish","type":"page","link":"https:\/\/i5i.ca\/i5i_ca\/es\/about-es\/","title":{"rendered":"Acerca de"},"content":{"rendered":"<p><img loading=\"lazy\" decoding=\"async\" class=\"wp-image-70 alignleft\" src=\"http:\/\/i5i.ca\/wp-content\/uploads\/2017\/08\/i5i_logo-300x300.jpg\" alt=\"\" width=\"149\" height=\"149\" srcset=\"https:\/\/i5i.ca\/i5i_ca\/wp-content\/uploads\/2017\/08\/i5i_logo-300x300.jpg 300w, https:\/\/i5i.ca\/i5i_ca\/wp-content\/uploads\/2017\/08\/i5i_logo-324x324.jpg 324w, https:\/\/i5i.ca\/i5i_ca\/wp-content\/uploads\/2017\/08\/i5i_logo-100x100.jpg 100w, https:\/\/i5i.ca\/i5i_ca\/wp-content\/uploads\/2017\/08\/i5i_logo-416x416.jpg 416w, https:\/\/i5i.ca\/i5i_ca\/wp-content\/uploads\/2017\/08\/i5i_logo-150x150.jpg 150w, https:\/\/i5i.ca\/i5i_ca\/wp-content\/uploads\/2017\/08\/i5i_logo.jpg 600w\" sizes=\"auto, (max-width: 149px) 100vw, 149px\" \/><span id=\"result_box\" class=\"\" lang=\"es\" tabindex=\"-1\">Fundada en 2001 en Canad\u00e1, Five International Limited como empresa de software ha completado exitosamente proyectos empresariales de varias capas para clientes como Bank of Montreal, Gobierno Federal, Gobierno de la Ciudad y Mercedes-Benz USA con las \u00faltimas y m\u00e1s avanzadas tecnolog\u00edas. Desde 2009, la compa\u00f1\u00eda ha cambiado el enfoque de negocios a dise\u00f1os de software 3-D y m\u00f3viles, medios sociales y imagen corporativa y eventos promocionales<\/span>.<\/p>\n<p>\u00a0<\/p>\n<h3 id=\"artistsKC\">Lily Li, Chief Executive Officer CEO<\/h3>\n<p><img loading=\"lazy\" decoding=\"async\" class=\"size-full wp-image-15343 alignleft\" src=\"https:\/\/i5i.ca\/i5i_ca\/wp-content\/uploads\/2022\/02\/Lily3-2.jpg\" alt=\"\" width=\"194\" height=\"264\" \/><\/p>\n<p>La Sra. Li Lijun naci\u00f3 en el seno de una familia prominente en la hermosa pen\u00ednsula de Shandong en China, y desde su infancia fue educada con una educaci\u00f3n estricta y una profunda influencia cultural y art\u00edstica. Como empresaria exitosa, la Sra. Li ha demostrado su talento en todas las industrias: empresas de energ\u00eda solar de nueva energ\u00eda a gran escala, planificaci\u00f3n de relaciones p\u00fablicas de proyectos internacionales gubernamentales a gran escala, proyectos de instalaciones p\u00fablicas deportivas canadienses, espect\u00e1culos culturales, concursos de belleza e industrias de la moda. El estilo de gesti\u00f3n de la Sra. Li es riguroso y su pasatiempo art\u00edstico es m\u00e1s la b\u00fasqueda de la perfecci\u00f3n y la excelencia. La direcci\u00f3n estrat\u00e9gica se da en cada etapa de la exitosa creaci\u00f3n y desarrollo de la marca de moda estadounidense Jessi Liu. La Sra. Li se ha dedicado a la filantrop\u00eda durante muchos a\u00f1os y durante mucho tiempo ha patrocinado actividades art\u00edsticas y culturales en varios pa\u00edses, el concurso de belleza asi\u00e1tica canadiense de j\u00f3venes talentos, el concurso de turismo Miss California, y su amabilidad se ha extendido por todo Canad\u00e1, Estados Unidos. , y el Caribe. Como coleccionista de arte, la Sra. Li es una gran defensora de los pintores populares en crecimiento. La Sra. Li se mud\u00f3 a San Francisco en 2001 y es una l\u00edder china muy respetada en California. Se desempe\u00f1\u00f3 en varios puestos de liderazgo organizacional: presidente de China Low Altitude Flying Club USA, vicepresidente ejecutivo de la US-China Aviation Heritage Foundation, vicepresidente de Hollywood China.<\/p>\n<h3 id=\"artistsKC\">Anna Misnik, Presidenta<\/h3>\n<p><img loading=\"lazy\" decoding=\"async\" class=\"alignleft wp-image-1804\" src=\"https:\/\/i5i.ca\/i5i_ca\/i5i_ca\/wp-content\/uploads\/2019\/06\/Anna-300x300.jpg\" alt=\"\" width=\"190\" height=\"190\" srcset=\"https:\/\/i5i.ca\/i5i_ca\/wp-content\/uploads\/2019\/06\/Anna-300x300.jpg 300w, https:\/\/i5i.ca\/i5i_ca\/wp-content\/uploads\/2019\/06\/Anna-300x300-150x150.jpg 150w, https:\/\/i5i.ca\/i5i_ca\/wp-content\/uploads\/2019\/06\/Anna-300x300-100x100.jpg 100w\" sizes=\"auto, (max-width: 190px) 100vw, 190px\" \/><\/p>\n<p>Como abogada, Anna tiene aproximadamente 15 a\u00f1os de experiencia legal, especializ\u00e1ndose en los campos legales del gobierno con un historial exitoso en administraci\u00f3n y habilidades de personas despu\u00e9s de graduarse de la Facultad de Derecho de una de las mejores universidades de Rusia.<\/p>\n<p>Diez a\u00f1os, de 2002 a 2012, como Asesor, luego como Vicepresidente del Comit\u00e9 de Derecho del Gobierno Provincial de Tomsk, asesor\u00f3 al Gobernador y los Vicegobernadores de Desarrollo del Edificio sobre los principales temas de presupuesto, inversi\u00f3n y financiaci\u00f3n de grandes proyectos con un pensamiento estrat\u00e9gico excepcional.<br \/>Le gusta viajar, la moda, el dise\u00f1o de interiores, las redes sociales y el marketing en Internet. En 2014, fue jueza del Panel de jueces de bellezas de Asia, un conocido concurso anual de bellezas en Toronto. En 2015, 2016 y 2017, fue jueza de Miss Maple, uno de los mayores concursos anuales de bellezas en Toronto por CNTV. Es la presidenta de Five International Gallery.<\/p>\n<h3 id=\"artistsJB\">Julie van den Bulcke, Directora de europa<\/h3>\n<p><img loading=\"lazy\" decoding=\"async\" class=\"wp-image-1806 size-full alignleft\" src=\"https:\/\/i5i.ca\/i5i_ca\/i5i_ca\/wp-content\/uploads\/2019\/06\/Julie.jpg\" alt=\"\" width=\"190\" height=\"190\" srcset=\"https:\/\/i5i.ca\/i5i_ca\/wp-content\/uploads\/2019\/06\/Julie.jpg 190w, https:\/\/i5i.ca\/i5i_ca\/wp-content\/uploads\/2019\/06\/Julie-150x150.jpg 150w, https:\/\/i5i.ca\/i5i_ca\/wp-content\/uploads\/2019\/06\/Julie-100x100.jpg 100w\" sizes=\"auto, (max-width: 190px) 100vw, 190px\" \/><\/p>\n<p>Graduada con una maestr\u00eda de la Universidad ULB Universit\u00e9 libre de Bruxelles en Bruselas, B\u00e9lgica, Julie trabaja en la universidad como investigadora m\u00e9dica en Bruselas.<br \/>Una persona bien educada e inteligente, tambi\u00e9n es una joven artista con buen gusto de las artes visuales y la belleza. Julie est\u00e1 practicando pintura al \u00f3leo y administrando su propia marca por administraci\u00f3n de tienda en l\u00ednea: promoci\u00f3n, precios, etc.<br \/>Su franc\u00e9s nativo, Julie, habla 5 idiomas, incluyendo espa\u00f1ol, ingl\u00e9s y alem\u00e1n. Es experta en redes sociales con grandes habilidades de comunicaci\u00f3n. Cuidando familiares y amigos, con un gran coraz\u00f3n, Julie siempre tiene pasi\u00f3n por ayudar a las personas necesitadas, durante sus numerosos viajes a los mares del Caribe.<\/p>\n\n\n<p><\/p>\n","protected":false},"excerpt":{"rendered":"<p>Fundada en 2001 en Canad\u00e1, Five International Limited como empresa de software ha completado exitosamente proyectos empresariales de varias capas para clientes como Bank of Montreal, Gobierno Federal, Gobierno de [&hellip;]<\/p>\n","protected":false},"author":1,"featured_media":0,"parent":0,"menu_order":0,"comment_status":"closed","ping_status":"closed","template":"","meta":{"_price":"","_stock":"","_tribe_ticket_header":"","_tribe_default_ticket_provider":"","_tribe_ticket_capacity":"0","_ticket_start_date":"","_ticket_end_date":"","_tribe_ticket_show_description":"","_tribe_ticket_show_not_going":false,"_tribe_ticket_use_global_stock":"","_tribe_ticket_global_stock_level":"","_global_stock_mode":"","_global_stock_cap":"","_tribe_rsvp_for_event":"","_tribe_ticket_going_count":"","_tribe_ticket_not_going_count":"","_tribe_tickets_list":"[]","_tribe_ticket_has_attendee_info_fields":false,"footnotes":"","_tec_slr_enabled":"","_tec_slr_layout":""},"class_list":["post-296","page","type-page","status-publish","hentry"],"ticketed":false,"_links":{"self":[{"href":"https:\/\/i5i.ca\/i5i_ca\/wp-json\/wp\/v2\/pages\/296","targetHints":{"allow":["GET"]}}],"collection":[{"href":"https:\/\/i5i.ca\/i5i_ca\/wp-json\/wp\/v2\/pages"}],"about":[{"href":"https:\/\/i5i.ca\/i5i_ca\/wp-json\/wp\/v2\/types\/page"}],"author":[{"embeddable":true,"href":"https:\/\/i5i.ca\/i5i_ca\/wp-json\/wp\/v2\/users\/1"}],"replies":[{"embeddable":true,"href":"https:\/\/i5i.ca\/i5i_ca\/wp-json\/wp\/v2\/comments?post=296"}],"version-history":[{"count":5,"href":"https:\/\/i5i.ca\/i5i_ca\/wp-json\/wp\/v2\/pages\/296\/revisions"}],"predecessor-version":[{"id":16181,"href":"https:\/\/i5i.ca\/i5i_ca\/wp-json\/wp\/v2\/pages\/296\/revisions\/16181"}],"wp:attachment":[{"href":"https:\/\/i5i.ca\/i5i_ca\/wp-json\/wp\/v2\/media?parent=296"}],"curies":[{"name":"wp","href":"https:\/\/api.w.org\/{rel}","templated":true}]}}